{"id":290,"date":"2025-10-11T15:07:39","date_gmt":"2025-10-11T13:07:39","guid":{"rendered":"https:\/\/lavoieduphenix.fr\/?page_id=290"},"modified":"2025-10-11T15:19:49","modified_gmt":"2025-10-11T13:19:49","slug":"mes-outils","status":"publish","type":"page","link":"https:\/\/lavoieduphenix.fr\/index.php\/mes-outils\/","title":{"rendered":"Mes outils"},"content":{"rendered":"\n<p>Je vous propose de partager et de transmettre l&rsquo;exp\u00e9rience d&rsquo;une Gestaltiste au pays des G\u00e9ants, entre Gestalt et Magie&#8230; Voyage aux confins de la r\u00e9alit\u00e9 ordinaire et non ordinaire. <\/p>\n\n\n\n<p><a href=\"https:\/\/lavoieduphenix.fr\/index.php\/gestalt\/\" data-type=\"page\" data-id=\"221\">Gestalt<\/a><\/p>\n\n\n\n<p><a href=\"https:\/\/lavoieduphenix.fr\/index.php\/chamanisme\/\" data-type=\"page\" data-id=\"225\">Chamanisme<\/a><\/p>\n\n\n\n<p><a href=\"https:\/\/lavoieduphenix.fr\/index.php\/alchimie\/\" data-type=\"page\" data-id=\"229\">Alchimie<\/a><\/p>\n\n\n\n<p><a href=\"https:\/\/lavoieduphenix.fr\/index.php\/tarot\/\" data-type=\"page\" data-id=\"233\">Tarot<\/a><\/p>\n\n\n\n<p><a href=\"https:\/\/lavoieduphenix.fr\/index.php\/reiki\/\" data-type=\"page\" data-id=\"293\">Reiki<\/a><\/p>\n","protected":false},"excerpt":{"rendered":"<p>Je vous propose de partager et de transmettre l&rsquo;exp\u00e9rience d&rsquo;une Gestaltiste au pays des G\u00e9ants, entre Gestalt et Magie&#8230; Voyage aux confins de la r\u00e9alit\u00e9 ordinaire et non ordinaire. Gestalt Chamanisme Alchimie Tarot Reiki<\/p>\n","protected":false},"author":1,"featured_media":0,"parent":0,"menu_order":0,"comment_status":"closed","ping_status":"closed","template":"","meta":{"footnotes":""},"class_list":["post-290","page","type-page","status-publish"],"_links":{"self":[{"href":"https:\/\/lavoieduphenix.fr\/index.php\/wp-json\/wp\/v2\/pages\/290","targetHints":{"allow":["GET"]}}],"collection":[{"href":"https:\/\/lavoieduphenix.fr\/index.php\/wp-json\/wp\/v2\/pages"}],"about":[{"href":"https:\/\/lavoieduphenix.fr\/index.php\/wp-json\/wp\/v2\/types\/page"}],"author":[{"embeddable":true,"href":"https:\/\/lavoieduphenix.fr\/index.php\/wp-json\/wp\/v2\/users\/1"}],"replies":[{"embeddable":true,"href":"https:\/\/lavoieduphenix.fr\/index.php\/wp-json\/wp\/v2\/comments?post=290"}],"version-history":[{"count":2,"href":"https:\/\/lavoieduphenix.fr\/index.php\/wp-json\/wp\/v2\/pages\/290\/revisions"}],"predecessor-version":[{"id":308,"href":"https:\/\/lavoieduphenix.fr\/index.php\/wp-json\/wp\/v2\/pages\/290\/revisions\/308"}],"wp:attachment":[{"href":"https:\/\/lavoieduphenix.fr\/index.php\/wp-json\/wp\/v2\/media?parent=290"}],"curies":[{"name":"wp","href":"https:\/\/api.w.org\/{rel}","templated":true}]}}