{"id":29,"date":"2025-05-03T15:44:27","date_gmt":"2025-05-03T13:44:27","guid":{"rendered":"https:\/\/lavoieduphenix.fr\/?page_id=29"},"modified":"2025-10-12T10:56:50","modified_gmt":"2025-10-12T08:56:50","slug":"le-soin","status":"publish","type":"page","link":"https:\/\/lavoieduphenix.fr\/index.php\/le-soin\/","title":{"rendered":"Soin"},"content":{"rendered":"\n<p>Ponctuel, il permet d&rsquo;aligner ses \u00e9nergies, de doper son syst\u00e8me immunitaire, de lib\u00e9rer les tension physiques, psychiques et \u00e9motionnelles, se r\u00e9-ancrer dans le r\u00e9el, se recontacter&#8230;<\/p>\n\n\n\n<p>\u00c7a n&rsquo;est pas une psychoth\u00e9rapie (mais si \u00e7a peut y participer).<\/p>\n\n\n\n<p>Une s\u00e9ance mixte les diff\u00e9rents syst\u00e8mes de reiki, la voie du tarot et le voyage chamanique (pour solliciter l&rsquo;animal de pouvoir, faire une r\u00e9cup\u00e9ration d&rsquo;\u00e2me, aller chercher des infos de l&rsquo;autre c\u00f4t\u00e9 du voile&#8230;)<\/p>\n\n\n\n<p><strong>A revoir<\/strong> : Il dure entre 1h15 et 1h30. Il coute entre 80\u20ac et 130\u20ac, en fonction de la localisation du cabinet (Paris ou banlieue) et des outils d\u00e9ploy\u00e9s.<\/p>\n\n\n\n<p>Une  s\u00e9ance peut soulager une probl\u00e9matique mais pour que le travail soit p\u00e9renne il faut en compter au moins 3.<\/p>\n","protected":false},"excerpt":{"rendered":"<p>Ponctuel, il permet d&rsquo;aligner ses \u00e9nergies, de doper son syst\u00e8me immunitaire, de lib\u00e9rer les tension physiques, psychiques et \u00e9motionnelles, se r\u00e9-ancrer dans le r\u00e9el, se recontacter&#8230; \u00c7a n&rsquo;est pas une psychoth\u00e9rapie (mais si \u00e7a peut y participer). Une s\u00e9ance mixte les diff\u00e9rents syst\u00e8mes de reiki, la voie du tarot et le voyage chamanique (pour solliciter l&rsquo;animal de pouvoir, faire une r\u00e9cup\u00e9ration d&rsquo;\u00e2me, aller chercher des infos de l&rsquo;autre c\u00f4t\u00e9 du voile&#8230;) A revoir : Il dure entre 1h15 et 1h30. Il coute entre 80\u20ac et 130\u20ac, en fonction de la localisation du cabinet (Paris ou banlieue) et des outils d\u00e9ploy\u00e9s. Une s\u00e9ance peut soulager une probl\u00e9matique mais pour que le travail soit p\u00e9renne il faut en compter au moins 3.<\/p>\n","protected":false},"author":1,"featured_media":0,"parent":0,"menu_order":0,"comment_status":"closed","ping_status":"closed","template":"","meta":{"footnotes":""},"class_list":["post-29","page","type-page","status-publish"],"_links":{"self":[{"href":"https:\/\/lavoieduphenix.fr\/index.php\/wp-json\/wp\/v2\/pages\/29","targetHints":{"allow":["GET"]}}],"collection":[{"href":"https:\/\/lavoieduphenix.fr\/index.php\/wp-json\/wp\/v2\/pages"}],"about":[{"href":"https:\/\/lavoieduphenix.fr\/index.php\/wp-json\/wp\/v2\/types\/page"}],"author":[{"embeddable":true,"href":"https:\/\/lavoieduphenix.fr\/index.php\/wp-json\/wp\/v2\/users\/1"}],"replies":[{"embeddable":true,"href":"https:\/\/lavoieduphenix.fr\/index.php\/wp-json\/wp\/v2\/comments?post=29"}],"version-history":[{"count":18,"href":"https:\/\/lavoieduphenix.fr\/index.php\/wp-json\/wp\/v2\/pages\/29\/revisions"}],"predecessor-version":[{"id":363,"href":"https:\/\/lavoieduphenix.fr\/index.php\/wp-json\/wp\/v2\/pages\/29\/revisions\/363"}],"wp:attachment":[{"href":"https:\/\/lavoieduphenix.fr\/index.php\/wp-json\/wp\/v2\/media?parent=29"}],"curies":[{"name":"wp","href":"https:\/\/api.w.org\/{rel}","templated":true}]}}