{"id":221,"date":"2025-07-01T10:37:05","date_gmt":"2025-07-01T08:37:05","guid":{"rendered":"https:\/\/lavoieduphenix.fr\/?page_id=221"},"modified":"2025-07-01T10:37:05","modified_gmt":"2025-07-01T08:37:05","slug":"gestalt","status":"publish","type":"page","link":"https:\/\/lavoieduphenix.fr\/index.php\/gestalt\/","title":{"rendered":"Gestalt"},"content":{"rendered":"\n<p>A quoi elle me sert ?<\/p>\n\n\n\n<p>A investiguer l&rsquo;histoire personnelle et transg\u00e9n\u00e9rationnelle de celui-celle qui vient me voir.<\/p>\n\n\n\n<p>Le lien avec le sacr\u00e9 ?<\/p>\n\n\n\n<p>\u00c7a envisage l&rsquo;\u00eatre humain dans sa dimension holistique, donc sacr\u00e9e aussi, son acc\u00e8s au spirituel.<\/p>\n\n\n\n<p>J&rsquo;y ajoute le transpersonnel, un courant dans lequel la dimension spirituelle est d&rsquo;autant plus explor\u00e9e.<\/p>\n\n\n\n<p>Un livre l\u00e0 dessus<\/p>\n","protected":false},"excerpt":{"rendered":"<p>A quoi elle me sert ? A investiguer l&rsquo;histoire personnelle et transg\u00e9n\u00e9rationnelle de celui-celle qui vient me voir. Le lien avec le sacr\u00e9 ? \u00c7a envisage l&rsquo;\u00eatre humain dans sa dimension holistique, donc sacr\u00e9e aussi, son acc\u00e8s au spirituel. J&rsquo;y ajoute le transpersonnel, un courant dans lequel la dimension spirituelle est d&rsquo;autant plus explor\u00e9e. Un livre l\u00e0 dessus<\/p>\n","protected":false},"author":1,"featured_media":0,"parent":0,"menu_order":0,"comment_status":"closed","ping_status":"closed","template":"","meta":{"footnotes":""},"class_list":["post-221","page","type-page","status-publish"],"_links":{"self":[{"href":"https:\/\/lavoieduphenix.fr\/index.php\/wp-json\/wp\/v2\/pages\/221","targetHints":{"allow":["GET"]}}],"collection":[{"href":"https:\/\/lavoieduphenix.fr\/index.php\/wp-json\/wp\/v2\/pages"}],"about":[{"href":"https:\/\/lavoieduphenix.fr\/index.php\/wp-json\/wp\/v2\/types\/page"}],"author":[{"embeddable":true,"href":"https:\/\/lavoieduphenix.fr\/index.php\/wp-json\/wp\/v2\/users\/1"}],"replies":[{"embeddable":true,"href":"https:\/\/lavoieduphenix.fr\/index.php\/wp-json\/wp\/v2\/comments?post=221"}],"version-history":[{"count":1,"href":"https:\/\/lavoieduphenix.fr\/index.php\/wp-json\/wp\/v2\/pages\/221\/revisions"}],"predecessor-version":[{"id":223,"href":"https:\/\/lavoieduphenix.fr\/index.php\/wp-json\/wp\/v2\/pages\/221\/revisions\/223"}],"wp:attachment":[{"href":"https:\/\/lavoieduphenix.fr\/index.php\/wp-json\/wp\/v2\/media?parent=221"}],"curies":[{"name":"wp","href":"https:\/\/api.w.org\/{rel}","templated":true}]}}